{"id":323,"date":"2021-03-30T13:49:58","date_gmt":"2021-03-30T11:49:58","guid":{"rendered":"https:\/\/topconcept-habitat.be\/?page_id=323"},"modified":"2022-03-07T19:36:27","modified_gmt":"2022-03-07T18:36:27","slug":"fenetres","status":"publish","type":"page","link":"https:\/\/topconcept-habitat.be\/?page_id=323","title":{"rendered":"Fen\u00eatres"},"content":{"rendered":"<p><img src=\"https:\/\/topconcept-habitat.be\/wp-content\/uploads\/2021\/03\/fond-fenetre.jpg\" alt=\"\" loading=\"lazy\" srcset=\"https:\/\/topconcept-habitat.be\/wp-content\/uploads\/2021\/03\/fond-fenetre.jpg 1900w, https:\/\/topconcept-habitat.be\/wp-content\/uploads\/2021\/03\/fond-fenetre-300x38.jpg 300w, https:\/\/topconcept-habitat.be\/wp-content\/uploads\/2021\/03\/fond-fenetre-1024x129.jpg 1024w, https:\/\/topconcept-habitat.be\/wp-content\/uploads\/2021\/03\/fond-fenetre-768x97.jpg 768w, https:\/\/topconcept-habitat.be\/wp-content\/uploads\/2021\/03\/fond-fenetre-1536x194.jpg 1536w\" sizes=\"(max-width: 1900px) 100vw, 1900px\" width=\"1900\" height=\"240\"><\/p>\n<h2>OUVREZ VOS ENVIES<\/h2>\n<p>Les ch\u00e2ssis pour fen\u00eatres sont des \u00e9l\u00e9ments essentiels de votre habitation. La question est de savoir quel est le ch\u00e2ssis qui embellira aussi bien l&rsquo;ext\u00e9rieur que l&rsquo;int\u00e9rieur de votre propri\u00e9t\u00e9.<\/p>\n<p>Laissez-vous guider par nos r\u00e9alisations ou d\u00e9crivez-nous les fen\u00eatres de vos r\u00eaves et nous trouverons ensemble les ch\u00e2ssis qui s&rsquo;accordent au mieux avec votre habitation. PVC, Alu ou Bois, nous travaillons tous ces mat\u00e9riaux afin de vous apporter un choix optimal dans les coloris d\u00e9sir\u00e9s.<\/p>\n<p>Notre \u00e9quipe d&rsquo;installateurs sp\u00e9cialis\u00e9s vous garanti une finition impeccable et un planning respect\u00e9 !&nbsp;&nbsp;<\/p>\n<p><img src=\"https:\/\/topconcept-habitat.be\/wp-content\/uploads\/2021\/03\/20210126_141909-300x225.jpg\" alt=\"\" loading=\"lazy\" srcset=\"https:\/\/topconcept-habitat.be\/wp-content\/uploads\/2021\/03\/20210126_141909-300x225.jpg 300w, https:\/\/topconcept-habitat.be\/wp-content\/uploads\/2021\/03\/20210126_141909-1024x768.jpg 1024w, https:\/\/topconcept-habitat.be\/wp-content\/uploads\/2021\/03\/20210126_141909-768x576.jpg 768w, https:\/\/topconcept-habitat.be\/wp-content\/uploads\/2021\/03\/20210126_141909-1536x1152.jpg 1536w, https:\/\/topconcept-habitat.be\/wp-content\/uploads\/2021\/03\/20210126_141909-2048x1536.jpg 2048w\" sizes=\"(max-width: 300px) 100vw, 300px\" width=\"300\" height=\"225\"><\/p>\n<h2>Vous ne savez pas quel produit choisir?<br \/>\nComparez les avantages des diff\u00e9rents mat\u00e9riaux &#8230;<\/h2>\n<figure>\n\t\t\t\t\t\t\t\t\t\t\t<a href=\"https:\/\/topconcept-habitat.be\/?page_id=263\"><br \/>\n<img src=\"https:\/\/topconcept-habitat.be\/wp-content\/uploads\/2021\/03\/4.jpg\" title=\"4\" alt=\"4\">\t\t\t\t\t\t\t\t<\/a><figcaption>PVC<\/figcaption><\/figure>\n<figure>\n\t\t\t\t\t\t\t\t\t\t\t<a href=\"https:\/\/topconcept-habitat.be\/?page_id=269\"><br \/>\n<img src=\"https:\/\/topconcept-habitat.be\/wp-content\/uploads\/2021\/03\/6.jpg\" alt=\"\" loading=\"lazy\" srcset=\"https:\/\/topconcept-habitat.be\/wp-content\/uploads\/2021\/03\/6.jpg 600w, https:\/\/topconcept-habitat.be\/wp-content\/uploads\/2021\/03\/6-300x200.jpg 300w\" sizes=\"(max-width: 600px) 100vw, 600px\" width=\"600\" height=\"400\">\t\t\t\t\t\t\t\t<\/a><figcaption>ALUMINIUM<\/figcaption><\/figure>\n<figure>\n\t\t\t\t\t\t\t\t\t\t\t<a href=\"https:\/\/topconcept-habitat.be\/?page_id=255\"><br \/>\n<img src=\"https:\/\/topconcept-habitat.be\/wp-content\/uploads\/2021\/03\/5.jpg\" alt=\"\" loading=\"lazy\" srcset=\"https:\/\/topconcept-habitat.be\/wp-content\/uploads\/2021\/03\/5.jpg 600w, https:\/\/topconcept-habitat.be\/wp-content\/uploads\/2021\/03\/5-300x200.jpg 300w\" sizes=\"(max-width: 600px) 100vw, 600px\" width=\"600\" height=\"400\">\t\t\t\t\t\t\t\t<\/a><figcaption>BOIS<\/figcaption><\/figure>\n<h2>ISOLATION<\/h2>\n<p><i>\ue933<\/i><i>\ue933<\/i><i>\ue933<\/i><i>\ue933<\/i><i>\ue933<\/i> 4\/5<br \/>\n<i>\ue933<\/i><i>\ue933<\/i><i>\ue933<\/i><i>\ue933<\/i><i>\ue933<\/i> 4\/5<br \/>\n<i>\ue933<\/i><i>\ue933<\/i><i>\ue933<\/i><i>\ue933<\/i><i>\ue933<\/i> 5\/5<\/p>\n<h2>PRIX<\/h2>\n<p><i>\ue933<\/i><i>\ue933<\/i><i>\ue933<\/i><i>\ue933<\/i><i>\ue933<\/i> 5\/5<br \/>\n<i>\ue933<\/i><i>\ue933<\/i><i>\ue933<\/i><i>\ue933<\/i><i>\ue933<\/i> 4\/5<br \/>\n<i>\ue933<\/i><i>\ue933<\/i><i>\ue933<\/i><i>\ue933<\/i><i>\ue933<\/i> 3\/5<\/p>\n<h2>S\u00c9CURIT\u00c9<\/h2>\n<p><i>\ue933<\/i><i>\ue933<\/i><i>\ue933<\/i><i>\ue933<\/i><i>\ue933<\/i> 4\/5<br \/>\n<i>\ue933<\/i><i>\ue933<\/i><i>\ue933<\/i><i>\ue933<\/i><i>\ue933<\/i> 5\/5<br \/>\n<i>\ue933<\/i><i>\ue933<\/i><i>\ue933<\/i><i>\ue933<\/i><i>\ue933<\/i> 4\/5<\/p>\n<h2>STYLE<\/h2>\n<p><i>\ue933<\/i><i>\ue933<\/i><i>\ue933<\/i><i>\ue933<\/i><i>\ue933<\/i> 4\/5<br \/>\n<i>\ue933<\/i><i>\ue933<\/i><i>\ue933<\/i><i>\ue933<\/i><i>\ue933<\/i> 5\/5<br \/>\n<i>\ue933<\/i><i>\ue933<\/i><i>\ue933<\/i><i>\ue933<\/i><i>\ue933<\/i> 4\/5<\/p>\n<h2>ENTRETIEN<\/h2>\n<p><i>\ue933<\/i><i>\ue933<\/i><i>\ue933<\/i><i>\ue933<\/i><i>\ue933<\/i> 5\/5<br \/>\n<i>\ue933<\/i><i>\ue933<\/i><i>\ue933<\/i><i>\ue933<\/i><i>\ue933<\/i> 5\/5<br \/>\n<i>\ue933<\/i><i>\ue933<\/i><i>\ue933<\/i><i>\ue933<\/i><i>\ue933<\/i> 3\/5<\/p>\n<h2>Inspirez-vous &#8230;<\/h2>\n<p><a data-elementor-open-lightbox=\"yes\" data-elementor-lightbox-slideshow=\"6182ad8\" data-elementor-lightbox-title=\"20190426_105002\" href=\"https:\/\/topconcept-habitat.be\/wp-content\/uploads\/2021\/03\/20190426_105002-scaled.jpg\"><\/a><\/p>\n<p><a data-elementor-open-lightbox=\"yes\" data-elementor-lightbox-slideshow=\"6182ad8\" data-elementor-lightbox-title=\"20190426_105002\" href=\"https:\/\/topconcept-habitat.be\/wp-content\/uploads\/2021\/03\/20190426_105002-scaled.jpg\"><\/p>\n<figure><img src=\"https:\/\/topconcept-habitat.be\/wp-content\/uploads\/elementor\/thumbs\/20190426_105002-scaled-p50tgb5az5u0nxnbppfdkf9uhlrxadw3fy1149lfbk.jpg\" alt=\"20190426_105002\"><\/figure>\n<p><\/a><a data-elementor-open-lightbox=\"yes\" data-elementor-lightbox-slideshow=\"6182ad8\" data-elementor-lightbox-title=\"20190426_105002\" href=\"https:\/\/topconcept-habitat.be\/wp-content\/uploads\/2021\/03\/20190426_105002-scaled.jpg\"><\/a><a data-elementor-open-lightbox=\"yes\" data-elementor-lightbox-slideshow=\"6182ad8\" data-elementor-lightbox-title=\"20190426_105449\" href=\"https:\/\/topconcept-habitat.be\/wp-content\/uploads\/2021\/03\/20190426_105449-1-scaled.jpg\"><\/a><\/p>\n<p><a data-elementor-open-lightbox=\"yes\" data-elementor-lightbox-slideshow=\"6182ad8\" data-elementor-lightbox-title=\"20190426_105449\" href=\"https:\/\/topconcept-habitat.be\/wp-content\/uploads\/2021\/03\/20190426_105449-1-scaled.jpg\"><\/p>\n<figure><img src=\"https:\/\/topconcept-habitat.be\/wp-content\/uploads\/elementor\/thumbs\/20190426_105449-1-scaled-p50tgio0hu4b8tcehsoe4ddj8oquzypy4z8wyha9xs.jpg\" alt=\"20190426_105449\"><\/figure>\n<p><\/a><a data-elementor-open-lightbox=\"yes\" data-elementor-lightbox-slideshow=\"6182ad8\" data-elementor-lightbox-title=\"20190426_105449\" href=\"https:\/\/topconcept-habitat.be\/wp-content\/uploads\/2021\/03\/20190426_105449-1-scaled.jpg\"><\/a><a data-elementor-open-lightbox=\"yes\" data-elementor-lightbox-slideshow=\"6182ad8\" data-elementor-lightbox-title=\"20190426_105850\" href=\"https:\/\/topconcept-habitat.be\/wp-content\/uploads\/2021\/03\/20190426_105850-scaled.jpg\"><\/a><\/p>\n<p><a data-elementor-open-lightbox=\"yes\" data-elementor-lightbox-slideshow=\"6182ad8\" data-elementor-lightbox-title=\"20190426_105850\" href=\"https:\/\/topconcept-habitat.be\/wp-content\/uploads\/2021\/03\/20190426_105850-scaled.jpg\"><\/p>\n<figure><img src=\"https:\/\/topconcept-habitat.be\/wp-content\/uploads\/elementor\/thumbs\/20190426_105850-scaled-p50tgq6q0ieltp1h9vxeobh7zrpspjjsu0gssoz4k0.jpg\" alt=\"20190426_105850\"><\/figure>\n<p><\/a><a data-elementor-open-lightbox=\"yes\" data-elementor-lightbox-slideshow=\"6182ad8\" data-elementor-lightbox-title=\"20190426_105850\" href=\"https:\/\/topconcept-habitat.be\/wp-content\/uploads\/2021\/03\/20190426_105850-scaled.jpg\"><\/a><a data-elementor-open-lightbox=\"yes\" data-elementor-lightbox-slideshow=\"6182ad8\" data-elementor-lightbox-title=\"20190613_121458\" href=\"https:\/\/topconcept-habitat.be\/wp-content\/uploads\/2021\/03\/20190613_121458-1-scaled.jpg\"><\/a><\/p>\n<p><a data-elementor-open-lightbox=\"yes\" data-elementor-lightbox-slideshow=\"6182ad8\" data-elementor-lightbox-title=\"20190613_121458\" href=\"https:\/\/topconcept-habitat.be\/wp-content\/uploads\/2021\/03\/20190613_121458-1-scaled.jpg\"><\/p>\n<figure><img src=\"https:\/\/topconcept-habitat.be\/wp-content\/uploads\/elementor\/thumbs\/20190613_121458-1-scaled-p50tguvwyol1fqunifyjisaiyp2ms12ginq872s5ow.jpg\" alt=\"20190613_121458\"><\/figure>\n<p><\/a><a data-elementor-open-lightbox=\"yes\" data-elementor-lightbox-slideshow=\"6182ad8\" data-elementor-lightbox-title=\"20190613_121458\" href=\"https:\/\/topconcept-habitat.be\/wp-content\/uploads\/2021\/03\/20190613_121458-1-scaled.jpg\"><\/a><a data-elementor-open-lightbox=\"yes\" data-elementor-lightbox-slideshow=\"6182ad8\" data-elementor-lightbox-title=\"20191211_130659\" href=\"https:\/\/topconcept-habitat.be\/wp-content\/uploads\/2021\/03\/20191211_130659-scaled.jpg\"><\/a><\/p>\n<p><a data-elementor-open-lightbox=\"yes\" data-elementor-lightbox-slideshow=\"6182ad8\" data-elementor-lightbox-title=\"20191211_130659\" href=\"https:\/\/topconcept-habitat.be\/wp-content\/uploads\/2021\/03\/20191211_130659-scaled.jpg\"><\/p>\n<figure><img src=\"https:\/\/topconcept-habitat.be\/wp-content\/uploads\/elementor\/thumbs\/20191211_130659-scaled-p50th0iy3osrdemglieaxqvaj0au27oujfn52qjsnk.jpg\" alt=\"20191211_130659\"><\/figure>\n<p><\/a><a data-elementor-open-lightbox=\"yes\" data-elementor-lightbox-slideshow=\"6182ad8\" data-elementor-lightbox-title=\"20191211_130659\" href=\"https:\/\/topconcept-habitat.be\/wp-content\/uploads\/2021\/03\/20191211_130659-scaled.jpg\"><\/a><a data-elementor-open-lightbox=\"yes\" data-elementor-lightbox-slideshow=\"6182ad8\" data-elementor-lightbox-title=\"20191216_101730\" href=\"https:\/\/topconcept-habitat.be\/wp-content\/uploads\/2021\/03\/20191216_101730-1-scaled.jpg\"><\/a><\/p>\n<p><a data-elementor-open-lightbox=\"yes\" data-elementor-lightbox-slideshow=\"6182ad8\" data-elementor-lightbox-title=\"20191216_101730\" href=\"https:\/\/topconcept-habitat.be\/wp-content\/uploads\/2021\/03\/20191216_101730-1-scaled.jpg\"><\/p>\n<figure><img src=\"https:\/\/topconcept-habitat.be\/wp-content\/uploads\/elementor\/thumbs\/20191216_101730-1-scaled-p50th5851uz6zgfmu2ffs7olhxno4p7i82wkh4ctsg.jpg\" alt=\"20191216_101730\"><\/figure>\n<p><\/a><a data-elementor-open-lightbox=\"yes\" data-elementor-lightbox-slideshow=\"6182ad8\" data-elementor-lightbox-title=\"20191216_101730\" href=\"https:\/\/topconcept-habitat.be\/wp-content\/uploads\/2021\/03\/20191216_101730-1-scaled.jpg\"><\/a><a data-elementor-open-lightbox=\"yes\" data-elementor-lightbox-slideshow=\"6182ad8\" data-elementor-lightbox-title=\"20200410_112608\" href=\"https:\/\/topconcept-habitat.be\/wp-content\/uploads\/2021\/03\/20200410_112608-scaled.jpg\"><\/a><\/p>\n<p><a data-elementor-open-lightbox=\"yes\" data-elementor-lightbox-slideshow=\"6182ad8\" data-elementor-lightbox-title=\"20200410_112608\" href=\"https:\/\/topconcept-habitat.be\/wp-content\/uploads\/2021\/03\/20200410_112608-scaled.jpg\"><\/p>\n<figure><img src=\"https:\/\/topconcept-habitat.be\/wp-content\/uploads\/elementor\/thumbs\/20200410_112608-scaled-p50thbt0dp878q62rn9tro0tnmr8mkxmkzgyu232kw.jpg\" alt=\"20200410_112608\"><\/figure>\n<p><\/a><a data-elementor-open-lightbox=\"yes\" data-elementor-lightbox-slideshow=\"6182ad8\" data-elementor-lightbox-title=\"20200410_112608\" href=\"https:\/\/topconcept-habitat.be\/wp-content\/uploads\/2021\/03\/20200410_112608-scaled.jpg\"><\/a><a data-elementor-open-lightbox=\"yes\" data-elementor-lightbox-slideshow=\"6182ad8\" data-elementor-lightbox-title=\"20200601_124819\" href=\"https:\/\/topconcept-habitat.be\/wp-content\/uploads\/2021\/03\/20200601_124819-scaled.jpg\"><\/a><\/p>\n<p><a data-elementor-open-lightbox=\"yes\" data-elementor-lightbox-slideshow=\"6182ad8\" data-elementor-lightbox-title=\"20200601_124819\" href=\"https:\/\/topconcept-habitat.be\/wp-content\/uploads\/2021\/03\/20200601_124819-scaled.jpg\"><\/p>\n<figure><img src=\"https:\/\/topconcept-habitat.be\/wp-content\/uploads\/elementor\/thumbs\/20200601_124819-scaled-p50thfkd51dcj60m5owc1n2o168phdcjxi2wr5xhw0.jpg\" alt=\"20200601_124819\"><\/figure>\n<p><\/a><a data-elementor-open-lightbox=\"yes\" data-elementor-lightbox-slideshow=\"6182ad8\" data-elementor-lightbox-title=\"20200601_124819\" href=\"https:\/\/topconcept-habitat.be\/wp-content\/uploads\/2021\/03\/20200601_124819-scaled.jpg\"><\/a><a data-elementor-open-lightbox=\"yes\" data-elementor-lightbox-slideshow=\"6182ad8\" data-elementor-lightbox-title=\"20200610_132040\" href=\"https:\/\/topconcept-habitat.be\/wp-content\/uploads\/2021\/03\/20200610_132040-scaled.jpg\"><\/a><\/p>\n<p><a data-elementor-open-lightbox=\"yes\" data-elementor-lightbox-slideshow=\"6182ad8\" data-elementor-lightbox-title=\"20200610_132040\" href=\"https:\/\/topconcept-habitat.be\/wp-content\/uploads\/2021\/03\/20200610_132040-scaled.jpg\"><\/p>\n<figure><img src=\"https:\/\/topconcept-habitat.be\/wp-content\/uploads\/elementor\/thumbs\/20200610_132040-scaled-p50thl7ea1l2gtsf8rc3glnflhgwrjyxy9ztmtp4uo.jpg\" alt=\"20200610_132040\"><\/figure>\n<p><\/a><a data-elementor-open-lightbox=\"yes\" data-elementor-lightbox-slideshow=\"6182ad8\" data-elementor-lightbox-title=\"20200610_132040\" href=\"https:\/\/topconcept-habitat.be\/wp-content\/uploads\/2021\/03\/20200610_132040-scaled.jpg\"><\/a><a data-elementor-open-lightbox=\"yes\" data-elementor-lightbox-slideshow=\"6182ad8\" data-elementor-lightbox-title=\"20200917_184123\" href=\"https:\/\/topconcept-habitat.be\/wp-content\/uploads\/2021\/03\/20200917_184123-1-scaled.jpg\"><\/a><\/p>\n<p><a data-elementor-open-lightbox=\"yes\" data-elementor-lightbox-slideshow=\"6182ad8\" data-elementor-lightbox-title=\"20200917_184123\" href=\"https:\/\/topconcept-habitat.be\/wp-content\/uploads\/2021\/03\/20200917_184123-1-scaled.jpg\"><\/p>\n<figure><img src=\"https:\/\/topconcept-habitat.be\/wp-content\/uploads\/elementor\/thumbs\/20200917_184123-1-scaled-p50thoyr1dq7r9mymsylqkp9z0ydmcdvaslrjxjk5s.jpg\" alt=\"20200917_184123\"><\/figure>\n<p><\/a><a data-elementor-open-lightbox=\"yes\" data-elementor-lightbox-slideshow=\"6182ad8\" data-elementor-lightbox-title=\"20200917_184123\" href=\"https:\/\/topconcept-habitat.be\/wp-content\/uploads\/2021\/03\/20200917_184123-1-scaled.jpg\"><\/a><a data-elementor-open-lightbox=\"yes\" data-elementor-lightbox-slideshow=\"6182ad8\" data-elementor-lightbox-title=\"20201012_151333\" href=\"https:\/\/topconcept-habitat.be\/wp-content\/uploads\/2021\/03\/20201012_151333-1-scaled.jpg\"><\/a><\/p>\n<p><a data-elementor-open-lightbox=\"yes\" data-elementor-lightbox-slideshow=\"6182ad8\" data-elementor-lightbox-title=\"20201012_151333\" href=\"https:\/\/topconcept-habitat.be\/wp-content\/uploads\/2021\/03\/20201012_151333-1-scaled.jpg\"><\/p>\n<figure><img src=\"https:\/\/topconcept-habitat.be\/wp-content\/uploads\/elementor\/thumbs\/20201012_151333-1-scaled-p50thtnxzjwndbg4vczql1ikxyb7otwizfv6ybclao.jpg\" alt=\"20201012_151333\"><\/figure>\n<p><\/a><a data-elementor-open-lightbox=\"yes\" data-elementor-lightbox-slideshow=\"6182ad8\" data-elementor-lightbox-title=\"20201012_151333\" href=\"https:\/\/topconcept-habitat.be\/wp-content\/uploads\/2021\/03\/20201012_151333-1-scaled.jpg\"><\/a><a data-elementor-open-lightbox=\"yes\" data-elementor-lightbox-slideshow=\"6182ad8\" data-elementor-lightbox-title=\"20201119_125727\" href=\"https:\/\/topconcept-habitat.be\/wp-content\/uploads\/2021\/03\/20201119_125727-scaled.jpg\"><\/a><\/p>\n<p><a data-elementor-open-lightbox=\"yes\" data-elementor-lightbox-slideshow=\"6182ad8\" data-elementor-lightbox-title=\"20201119_125727\" href=\"https:\/\/topconcept-habitat.be\/wp-content\/uploads\/2021\/03\/20201119_125727-scaled.jpg\"><\/p>\n<figure><img src=\"https:\/\/topconcept-habitat.be\/wp-content\/uploads\/elementor\/thumbs\/20201119_125727-scaled-p50thzaz4k4daz7xyffi003ci9jez0ix07s3tz489c.jpg\" alt=\"20201119_125727\"><\/figure>\n<p><\/a><a data-elementor-open-lightbox=\"yes\" data-elementor-lightbox-slideshow=\"6182ad8\" data-elementor-lightbox-title=\"20201119_125727\" href=\"https:\/\/topconcept-habitat.be\/wp-content\/uploads\/2021\/03\/20201119_125727-scaled.jpg\"><\/a><a data-elementor-open-lightbox=\"yes\" data-elementor-lightbox-slideshow=\"6182ad8\" data-elementor-lightbox-title=\"20210114_124831\" href=\"https:\/\/topconcept-habitat.be\/wp-content\/uploads\/2021\/03\/20210114_124831-1-scaled.jpg\"><\/a><\/p>\n<p><a data-elementor-open-lightbox=\"yes\" data-elementor-lightbox-slideshow=\"6182ad8\" data-elementor-lightbox-title=\"20210114_124831\" href=\"https:\/\/topconcept-habitat.be\/wp-content\/uploads\/2021\/03\/20210114_124831-1-scaled.jpg\"><\/p>\n<figure><img src=\"https:\/\/topconcept-habitat.be\/wp-content\/uploads\/elementor\/thumbs\/20210114_124831-1-scaled-p50ti4y09kc38mzr1hv9eyo42krm975b0zp0pmvv80.jpg\" alt=\"20210114_124831\"><\/figure>\n<p><\/a><a data-elementor-open-lightbox=\"yes\" data-elementor-lightbox-slideshow=\"6182ad8\" data-elementor-lightbox-title=\"20210114_124831\" href=\"https:\/\/topconcept-habitat.be\/wp-content\/uploads\/2021\/03\/20210114_124831-1-scaled.jpg\"><\/a><a data-elementor-open-lightbox=\"yes\" data-elementor-lightbox-slideshow=\"6182ad8\" data-elementor-lightbox-title=\"20210126_141223\" href=\"https:\/\/topconcept-habitat.be\/wp-content\/uploads\/2021\/03\/20210126_141223-scaled.jpg\"><\/a><\/p>\n<p><a data-elementor-open-lightbox=\"yes\" data-elementor-lightbox-slideshow=\"6182ad8\" data-elementor-lightbox-title=\"20210126_141223\" href=\"https:\/\/topconcept-habitat.be\/wp-content\/uploads\/2021\/03\/20210126_141223-scaled.jpg\"><\/p>\n<figure><img src=\"https:\/\/topconcept-habitat.be\/wp-content\/uploads\/elementor\/thumbs\/20210126_141223-scaled-p50tial1ekjt6ark4kb0tx8vmvztjdrp1rlxlani6o.jpg\" alt=\"20210126_141223\"><\/figure>\n<p><\/a><a data-elementor-open-lightbox=\"yes\" data-elementor-lightbox-slideshow=\"6182ad8\" data-elementor-lightbox-title=\"20210126_141223\" href=\"https:\/\/topconcept-habitat.be\/wp-content\/uploads\/2021\/03\/20210126_141223-scaled.jpg\"><\/a><a data-elementor-open-lightbox=\"yes\" data-elementor-lightbox-slideshow=\"6182ad8\" data-elementor-lightbox-title=\"20210126_141909\" href=\"https:\/\/topconcept-habitat.be\/wp-content\/uploads\/2021\/03\/20210126_141909-1-scaled.jpg\"><\/a><\/p>\n<p><a data-elementor-open-lightbox=\"yes\" data-elementor-lightbox-slideshow=\"6182ad8\" data-elementor-lightbox-title=\"20210126_141909\" href=\"https:\/\/topconcept-habitat.be\/wp-content\/uploads\/2021\/03\/20210126_141909-1-scaled.jpg\"><\/p>\n<figure><img src=\"https:\/\/topconcept-habitat.be\/wp-content\/uploads\/elementor\/thumbs\/20210126_141909-1-scaled-p50tig82jkrj3yjd7mqs8vtn7780tke32jiugyf55c.jpg\" alt=\"20210126_141909\"><\/figure>\n<p><\/a><a data-elementor-open-lightbox=\"yes\" data-elementor-lightbox-slideshow=\"6182ad8\" data-elementor-lightbox-title=\"20210126_141909\" href=\"https:\/\/topconcept-habitat.be\/wp-content\/uploads\/2021\/03\/20210126_141909-1-scaled.jpg\"><\/a><br \/>\nPr\u00e9c\u00e9dent<br \/>\nSuivant<\/p>\n","protected":false},"excerpt":{"rendered":"<p>OUVREZ VOS ENVIES Les ch\u00e2ssis pour fen\u00eatres sont des \u00e9l\u00e9ments essentiels de votre habitation. La question est de savoir quel est le ch\u00e2ssis qui embellira aussi bien l&rsquo;ext\u00e9rieur que l&rsquo;int\u00e9rieur de votre propri\u00e9t\u00e9. Laissez-vous guider par nos r\u00e9alisations ou d\u00e9crivez-nous les fen\u00eatres de vos r\u00eaves et nous trouverons ensemble les ch\u00e2ssis qui s&rsquo;accordent au mieux [&hellip;]<\/p>\n","protected":false},"author":1,"featured_media":0,"parent":0,"menu_order":0,"comment_status":"closed","ping_status":"closed","template":"","meta":{"ocean_post_layout":"","ocean_both_sidebars_style":"","ocean_both_sidebars_content_width":0,"ocean_both_sidebars_sidebars_width":0,"ocean_sidebar":"0","ocean_second_sidebar":"0","ocean_disable_margins":"enable","ocean_add_body_class":"","ocean_shortcode_before_top_bar":"","ocean_shortcode_after_top_bar":"","ocean_shortcode_before_header":"","ocean_shortcode_after_header":"","ocean_has_shortcode":"","ocean_shortcode_after_title":"","ocean_shortcode_before_footer_widgets":"","ocean_shortcode_after_footer_widgets":"","ocean_shortcode_before_footer_bottom":"","ocean_shortcode_after_footer_bottom":"","ocean_display_top_bar":"default","ocean_display_header":"default","ocean_header_style":"","ocean_center_header_left_menu":"0","ocean_custom_header_template":"0","ocean_custom_logo":0,"ocean_custom_retina_logo":0,"ocean_custom_logo_max_width":0,"ocean_custom_logo_tablet_max_width":0,"ocean_custom_logo_mobile_max_width":0,"ocean_custom_logo_max_height":0,"ocean_custom_logo_tablet_max_height":0,"ocean_custom_logo_mobile_max_height":0,"ocean_header_custom_menu":"0","ocean_menu_typo_font_family":"0","ocean_menu_typo_font_subset":"","ocean_menu_typo_font_size":0,"ocean_menu_typo_font_size_tablet":0,"ocean_menu_typo_font_size_mobile":0,"ocean_menu_typo_font_size_unit":"px","ocean_menu_typo_font_weight":"","ocean_menu_typo_font_weight_tablet":"","ocean_menu_typo_font_weight_mobile":"","ocean_menu_typo_transform":"","ocean_menu_typo_transform_tablet":"","ocean_menu_typo_transform_mobile":"","ocean_menu_typo_line_height":0,"ocean_menu_typo_line_height_tablet":0,"ocean_menu_typo_line_height_mobile":0,"ocean_menu_typo_line_height_unit":"","ocean_menu_typo_spacing":0,"ocean_menu_typo_spacing_tablet":0,"ocean_menu_typo_spacing_mobile":0,"ocean_menu_typo_spacing_unit":"","ocean_menu_link_color":"","ocean_menu_link_color_hover":"","ocean_menu_link_color_active":"","ocean_menu_link_background":"","ocean_menu_link_hover_background":"","ocean_menu_link_active_background":"","ocean_menu_social_links_bg":"","ocean_menu_social_hover_links_bg":"","ocean_menu_social_links_color":"","ocean_menu_social_hover_links_color":"","ocean_disable_title":"default","ocean_disable_heading":"default","ocean_post_title":"","ocean_post_subheading":"","ocean_post_title_style":"","ocean_post_title_background_color":"","ocean_post_title_background":0,"ocean_post_title_bg_image_position":"","ocean_post_title_bg_image_attachment":"","ocean_post_title_bg_image_repeat":"","ocean_post_title_bg_image_size":"","ocean_post_title_height":0,"ocean_post_title_bg_overlay":0.5,"ocean_post_title_bg_overlay_color":"","ocean_disable_breadcrumbs":"default","ocean_breadcrumbs_color":"","ocean_breadcrumbs_separator_color":"","ocean_breadcrumbs_links_color":"","ocean_breadcrumbs_links_hover_color":"","ocean_display_footer_widgets":"default","ocean_display_footer_bottom":"default","ocean_custom_footer_template":"0"},"_links":{"self":[{"href":"https:\/\/topconcept-habitat.be\/index.php?rest_route=\/wp\/v2\/pages\/323"}],"collection":[{"href":"https:\/\/topconcept-habitat.be\/index.php?rest_route=\/wp\/v2\/pages"}],"about":[{"href":"https:\/\/topconcept-habitat.be\/index.php?rest_route=\/wp\/v2\/types\/page"}],"author":[{"embeddable":true,"href":"https:\/\/topconcept-habitat.be\/index.php?rest_route=\/wp\/v2\/users\/1"}],"replies":[{"embeddable":true,"href":"https:\/\/topconcept-habitat.be\/index.php?rest_route=%2Fwp%2Fv2%2Fcomments&post=323"}],"version-history":[{"count":8,"href":"https:\/\/topconcept-habitat.be\/index.php?rest_route=\/wp\/v2\/pages\/323\/revisions"}],"predecessor-version":[{"id":903,"href":"https:\/\/topconcept-habitat.be\/index.php?rest_route=\/wp\/v2\/pages\/323\/revisions\/903"}],"wp:attachment":[{"href":"https:\/\/topconcept-habitat.be\/index.php?rest_route=%2Fwp%2Fv2%2Fmedia&parent=323"}],"curies":[{"name":"wp","href":"https:\/\/api.w.org\/{rel}","templated":true}]}}